{"id":591,"date":"2020-09-24T07:48:17","date_gmt":"2020-09-24T05:48:17","guid":{"rendered":"https:\/\/www.projektbaeredygtighed.dk\/?page_id=591"},"modified":"2020-09-30T12:50:23","modified_gmt":"2020-09-30T10:50:23","slug":"kontakt","status":"publish","type":"page","link":"https:\/\/www.projektbaeredygtighed.dk\/?page_id=591","title":{"rendered":"Kontakt"},"content":{"rendered":"\n<div class=\"wp-block-ugb-team-member ugb-team-member ugb-2d021e3 ugb-team-member--v3 ugb-team-member--design-basic ugb-team-member--columns-2 ugb-main-block\" id=\"\"><style>.ugb-2d021e3 .ugb-img{-webkit-mask-image:url('data:image\/svg+xml;base64,PHN2ZyB2aWV3Qm94PSIwIDAgMTAwIDEwMCIgeG1sbnM9Imh0dHA6Ly93d3cudzMub3JnLzIwMDAvc3ZnIj48Y2lyY2xlIGN4PSI1MCIgY3k9IjUwIiByPSI1MCI+PC9jaXJjbGU+PC9zdmc+');mask-image:url('data:image\/svg+xml;base64,PHN2ZyB2aWV3Qm94PSIwIDAgMTAwIDEwMCIgeG1sbnM9Imh0dHA6Ly93d3cudzMub3JnLzIwMDAvc3ZnIj48Y2lyY2xlIGN4PSI1MCIgY3k9IjUwIiByPSI1MCI+PC9jaXJjbGU+PC9zdmc+')}<\/style><div class=\"ugb-inner-block\"><div class=\"ugb-block-content\"><div class=\"ugb-team-member__item ugb-team-member__item1\"><div class=\"ugb-team-member__image\"><img loading=\"lazy\" decoding=\"async\" width=\"1024\" height=\"1024\" class=\"ugb-img wp-image-645 ugb-img--shape\" src=\"https:\/\/www.projektbaeredygtighed.dk\/wp-content\/uploads\/2020\/09\/DSC_0141-12-kopi-1024x1024.jpg\" alt=\"Mai Kl\u00e6rke\"\/><\/div><div class=\"ugb-team-member__content\"><div class=\"ugb-team-member__title\"><h4 class=\"ugb-team-member__name\">Mai Kl\u00e6rke<\/h4><p class=\"ugb-team-member__position\">Projektkoordinator og Underviser<br>T\u00f8nder Handelsskole<\/p><\/div><p class=\"ugb-team-member__description\">Hvis du har sp\u00f8rgsm\u00e5l til eller om projektet, s\u00e5 er du velkommen til at kontakte Mai p\u00e5 mk@projektbaeredygtighed.dk<\/p><\/div><\/div><div class=\"ugb-team-member__item ugb-team-member__item2\"><div class=\"ugb-team-member__image\"><img loading=\"lazy\" decoding=\"async\" width=\"299\" height=\"299\" class=\"ugb-img wp-image-673 ugb-img--shape\" src=\"https:\/\/www.projektbaeredygtighed.dk\/wp-content\/uploads\/2020\/09\/OleDalsgaard-e1601449819537.jpg\" alt=\"Ole Dalsgaard\" srcset=\"https:\/\/www.projektbaeredygtighed.dk\/wp-content\/uploads\/2020\/09\/OleDalsgaard-e1601449819537.jpg 299w, https:\/\/www.projektbaeredygtighed.dk\/wp-content\/uploads\/2020\/09\/OleDalsgaard-e1601449819537-150x150.jpg 150w\" sizes=\"auto, (max-width: 299px) 100vw, 299px\" \/><\/div><div class=\"ugb-team-member__content\"><div class=\"ugb-team-member__title\"><h4 class=\"ugb-team-member__name\">Ole Dalsgaard<\/h4><p class=\"ugb-team-member__position\">Projektleder og Uddannelseschef<br>T\u00f8nder Handelsskole<\/p><\/div><p class=\"ugb-team-member__description\">Ole er til daglig uddannelseschef p\u00e5 HHX, HTX og EUD\/EUX i T\u00f8nder.<\/p><\/div><\/div><\/div><\/div><\/div>\n\n\n\n<div class=\"wp-block-ugb-team-member ugb-team-member ugb-64e1d6e ugb-team-member--v3 ugb-team-member--design-basic ugb-team-member--columns-2 ugb-main-block\" id=\"\"><style>.ugb-64e1d6e .ugb-img{-webkit-mask-image:url('data:image\/svg+xml;base64,PHN2ZyB2aWV3Qm94PSIwIDAgMTAwIDEwMCIgeG1sbnM9Imh0dHA6Ly93d3cudzMub3JnLzIwMDAvc3ZnIj48Y2lyY2xlIGN4PSI1MCIgY3k9IjUwIiByPSI1MCI+PC9jaXJjbGU+PC9zdmc+');mask-image:url('data:image\/svg+xml;base64,PHN2ZyB2aWV3Qm94PSIwIDAgMTAwIDEwMCIgeG1sbnM9Imh0dHA6Ly93d3cudzMub3JnLzIwMDAvc3ZnIj48Y2lyY2xlIGN4PSI1MCIgY3k9IjUwIiByPSI1MCI+PC9jaXJjbGU+PC9zdmc+')}<\/style><div class=\"ugb-inner-block\"><div class=\"ugb-block-content\"><div class=\"ugb-team-member__item ugb-team-member__item1\"><div class=\"ugb-team-member__image\"><img loading=\"lazy\" decoding=\"async\" width=\"300\" height=\"300\" class=\"ugb-img wp-image-679 ugb-img--shape\" src=\"https:\/\/www.projektbaeredygtighed.dk\/wp-content\/uploads\/2020\/09\/DMS-e1601462234222.jpg\" alt=\"Dorthe Milling Stjernholm\" srcset=\"https:\/\/www.projektbaeredygtighed.dk\/wp-content\/uploads\/2020\/09\/DMS-e1601462234222.jpg 300w, https:\/\/www.projektbaeredygtighed.dk\/wp-content\/uploads\/2020\/09\/DMS-e1601462234222-150x150.jpg 150w\" sizes=\"auto, (max-width: 300px) 100vw, 300px\" \/><\/div><div class=\"ugb-team-member__content\"><div class=\"ugb-team-member__title\"><h4 class=\"ugb-team-member__name\">Dorthe Milling Stjernholm<\/h4><p class=\"ugb-team-member__position\">Lokal projektkoordinator og rektor<br>Det Bl\u00e5 Gymnasium S\u00f8nderborg<\/p><\/div><p class=\"ugb-team-member__description\">Dorthe er til daglig rektor p\u00e5 Det Bl\u00e5 Gymnasium i S\u00f8nderborg.<\/p><\/div><\/div><div class=\"ugb-team-member__item ugb-team-member__item2\"><div class=\"ugb-team-member__image\"><img loading=\"lazy\" decoding=\"async\" width=\"985\" height=\"1024\" class=\"ugb-img wp-image-682 ugb-img--shape\" src=\"https:\/\/www.projektbaeredygtighed.dk\/wp-content\/uploads\/2020\/09\/Rektor-Peter-Frost-Brodersen_Teknisk-Gymnasium_2020-scaled-e1601462782611-985x1024.jpg\" alt=\"Peter Frost Brodersen\"\/><\/div><div class=\"ugb-team-member__content\"><div class=\"ugb-team-member__title\"><h4 class=\"ugb-team-member__name\">Peter Frost Brodersen<\/h4><p class=\"ugb-team-member__position\">Lokal projektkoordinator og rektor<br>EUC Syd<\/p><\/div><p class=\"ugb-team-member__description\">Peter er til daglig rektor for HTX hos EUC Syd.<\/p><\/div><\/div><\/div><\/div><\/div>\n","protected":false},"excerpt":{"rendered":"<p>Mai Kl\u00e6rke Projektkoordinator og UnderviserT\u00f8nder Handelsskole Hvis du har sp\u00f8rgsm\u00e5l til eller om projektet, s\u00e5 er du velkommen til at kontakte Mai p\u00e5 mk@projektbaeredygtighed.dk Ole Dalsgaard Projektleder og UddannelseschefT\u00f8nder Handelsskole Ole er til daglig uddannelseschef p\u00e5 HHX, HTX og EUD\/EUX i T\u00f8nder. Dorthe Milling Stjernholm Lokal projektkoordinator og rektorDet Bl\u00e5 Gymnasium S\u00f8nderborg Dorthe er til [&hellip;]<\/p>\n","protected":false},"author":2,"featured_media":0,"parent":34,"menu_order":0,"comment_status":"closed","ping_status":"closed","template":"","meta":{"qubely_global_settings":"","qubely_interactions":"","_coblocks_attr":"","_coblocks_dimensions":"","_coblocks_responsive_height":"","_coblocks_accordion_ie_support":"","_uag_custom_page_level_css":"","footnotes":""},"class_list":["post-591","page","type-page","status-publish","hentry"],"featured_image_urls_v2":{"full":"","thumbnail":"","medium":"","medium_large":"","large":"","1536x1536":"","2048x2048":"","ab-block-post-grid-landscape":"","ab-block-post-grid-square":"","qubely_landscape":"","qubely_portrait":"","qubely_thumbnail":""},"post_excerpt_stackable_v2":"<p>Mai Kl\u00e6rkeProjektkoordinator og UnderviserT\u00f8nder HandelsskoleHvis du har sp\u00f8rgsm\u00e5l til eller om projektet, s\u00e5 er du velkommen til at kontakte Mai p\u00e5 mk@projektbaeredygtighed.dkOle DalsgaardProjektleder og UddannelseschefT\u00f8nder HandelsskoleOle er til daglig uddannelseschef p\u00e5 HHX, HTX og EUD\/EUX i T\u00f8nder. Dorthe Milling StjernholmLokal projektkoordinator og rektorDet Bl\u00e5 Gymnasium S\u00f8nderborgDorthe er til daglig rektor p\u00e5 Det Bl\u00e5 Gymnasium i S\u00f8nderborg.Peter Frost BrodersenLokal projektkoordinator og rektorEUC SydPeter er til daglig rektor for HTX hos EUC Syd.<\/p>\n","category_list_v2":"","author_info_v2":{"name":"Mai Kl\u00e6rke","url":"https:\/\/www.projektbaeredygtighed.dk\/?author=2"},"comments_num_v2":"0 comments","featured_image_src":null,"featured_image_src_square":null,"uagb_featured_image_src":{"full":false,"thumbnail":false,"medium":false,"medium_large":false,"large":false,"1536x1536":false,"2048x2048":false,"ab-block-post-grid-landscape":false,"ab-block-post-grid-square":false,"qubely_landscape":false,"qubely_portrait":false,"qubely_thumbnail":false},"uagb_author_info":{"display_name":"Mai Kl\u00e6rke","author_link":"https:\/\/www.projektbaeredygtighed.dk\/?author=2"},"uagb_comment_info":0,"uagb_excerpt":"Mai Kl\u00e6rke Projektkoordinator og UnderviserT\u00f8nder Handelsskole Hvis du har sp\u00f8rgsm\u00e5l til eller om projektet, s\u00e5 er du velkommen til at kontakte Mai p\u00e5 mk@projektbaeredygtighed.dk Ole Dalsgaard Projektleder og UddannelseschefT\u00f8nder Handelsskole Ole er til daglig uddannelseschef p\u00e5 HHX, HTX og EUD\/EUX i T\u00f8nder. Dorthe Milling Stjernholm Lokal projektkoordinator og rektorDet Bl\u00e5 Gymnasium S\u00f8nderborg Dorthe er til&hellip;","_links":{"self":[{"href":"https:\/\/www.projektbaeredygtighed.dk\/index.php?rest_route=\/wp\/v2\/pages\/591","targetHints":{"allow":["GET"]}}],"collection":[{"href":"https:\/\/www.projektbaeredygtighed.dk\/index.php?rest_route=\/wp\/v2\/pages"}],"about":[{"href":"https:\/\/www.projektbaeredygtighed.dk\/index.php?rest_route=\/wp\/v2\/types\/page"}],"author":[{"embeddable":true,"href":"https:\/\/www.projektbaeredygtighed.dk\/index.php?rest_route=\/wp\/v2\/users\/2"}],"replies":[{"embeddable":true,"href":"https:\/\/www.projektbaeredygtighed.dk\/index.php?rest_route=%2Fwp%2Fv2%2Fcomments&post=591"}],"version-history":[{"count":31,"href":"https:\/\/www.projektbaeredygtighed.dk\/index.php?rest_route=\/wp\/v2\/pages\/591\/revisions"}],"predecessor-version":[{"id":1292,"href":"https:\/\/www.projektbaeredygtighed.dk\/index.php?rest_route=\/wp\/v2\/pages\/591\/revisions\/1292"}],"up":[{"embeddable":true,"href":"https:\/\/www.projektbaeredygtighed.dk\/index.php?rest_route=\/wp\/v2\/pages\/34"}],"wp:attachment":[{"href":"https:\/\/www.projektbaeredygtighed.dk\/index.php?rest_route=%2Fwp%2Fv2%2Fmedia&parent=591"}],"curies":[{"name":"wp","href":"https:\/\/api.w.org\/{rel}","templated":true}]}}