{"id":546,"date":"2020-09-22T21:01:19","date_gmt":"2020-09-22T19:01:19","guid":{"rendered":"https:\/\/www.projektbaeredygtighed.dk\/?page_id=546"},"modified":"2023-06-27T10:40:00","modified_gmt":"2023-06-27T08:40:00","slug":"forloeb-til-teknisk-eud","status":"publish","type":"page","link":"https:\/\/www.projektbaeredygtighed.dk\/?page_id=546","title":{"rendered":"Forl\u00f8b til teknisk EUD"},"content":{"rendered":"\n<p>Tryk p\u00e5 det fag, du s\u00f8ger forl\u00f8b til.<\/p>\n\n\n<ul class=\"wp-block-latest-posts__list is-grid columns-3 topicbox wp-block-latest-posts\"><li><a class=\"wp-block-latest-posts__post-title\" href=\"https:\/\/www.projektbaeredygtighed.dk\/?p=1565\">Automatiktekniker<\/a><\/li>\n<li><a class=\"wp-block-latest-posts__post-title\" href=\"https:\/\/www.projektbaeredygtighed.dk\/?p=1266\">Bekl\u00e6dningsh\u00e5ndv\u00e6rker<\/a><\/li>\n<li><a class=\"wp-block-latest-posts__post-title\" href=\"https:\/\/www.projektbaeredygtighed.dk\/?p=1361\">Gastronom<\/a><\/li>\n<li><a class=\"wp-block-latest-posts__post-title\" href=\"https:\/\/www.projektbaeredygtighed.dk\/?p=1247\">Gastronomi og ern\u00e6ringsassistent<\/a><\/li>\n<li><a class=\"wp-block-latest-posts__post-title\" href=\"https:\/\/www.projektbaeredygtighed.dk\/?p=1563\">Industriel Produktion<\/a><\/li>\n<li><a class=\"wp-block-latest-posts__post-title\" href=\"https:\/\/www.projektbaeredygtighed.dk\/?p=1328\">Kok<\/a><\/li>\n<li><a class=\"wp-block-latest-posts__post-title\" href=\"https:\/\/www.projektbaeredygtighed.dk\/?p=1252\">Mad og service<\/a><\/li>\n<li><a class=\"wp-block-latest-posts__post-title\" href=\"https:\/\/www.projektbaeredygtighed.dk\/?p=1581\">Maler<\/a><\/li>\n<li><a class=\"wp-block-latest-posts__post-title\" href=\"https:\/\/www.projektbaeredygtighed.dk\/?p=1551\">Murer<\/a><\/li>\n<li><a class=\"wp-block-latest-posts__post-title\" href=\"https:\/\/www.projektbaeredygtighed.dk\/?p=1547\">Skorstensfejer<\/a><\/li>\n<li><a class=\"wp-block-latest-posts__post-title\" href=\"https:\/\/www.projektbaeredygtighed.dk\/?p=1561\">T\u00f8mrer<\/a><\/li>\n<\/ul>\n\n\n<p><\/p>\n\n\n\n<p><\/p>\n\n\n<style>#kt-layout-id_77d0f1-2e > .kt-row-column-wrap{align-content:start;}:where(#kt-layout-id_77d0f1-2e > .kt-row-column-wrap) > .wp-block-kadence-column{justify-content:start;}#kt-layout-id_77d0f1-2e > .kt-row-column-wrap{column-gap:var(--global-kb-gap-md, 2rem);row-gap:var(--global-kb-gap-md, 2rem);padding-top:var( --global-kb-row-default-top, 25px );padding-bottom:var( --global-kb-row-default-bottom, 25px );padding-top:var(--global-kb-spacing-sm, 1.5rem);padding-bottom:var(--global-kb-spacing-sm, 1.5rem);grid-template-columns:repeat(2, minmax(0, 1fr));}#kt-layout-id_77d0f1-2e > .kt-row-layout-overlay{opacity:0.30;}@media all and (max-width: 1024px){#kt-layout-id_77d0f1-2e > .kt-row-column-wrap{grid-template-columns:repeat(2, minmax(0, 1fr));}}@media all and (max-width: 767px){#kt-layout-id_77d0f1-2e > .kt-row-column-wrap{grid-template-columns:minmax(0, 1fr);}}<\/style>\n<div class=\"wp-block-kadence-rowlayout alignnone\"><div id=\"kt-layout-id_77d0f1-2e\" class=\"kt-row-layout-inner kt-layout-id_77d0f1-2e\"><div class=\"kt-row-column-wrap kt-has-2-columns kt-gutter-default kt-v-gutter-default kt-row-valign-top kt-row-layout-equal kt-tab-layout-inherit kt-m-colapse-left-to-right kt-mobile-layout-row\"><\/div><\/div><\/div>\n\n\n\n<script>\nvar collections = window.document.getElementsByClassName(\"topicbox\");\nfor (let collection of collections) {\n    for (let element of collection.children) {\n        element.onclick = function(){\n            element.children[0].click();\n        }\n    }    \n}\n<\/script>\n","protected":false},"excerpt":{"rendered":"<p>Tryk p\u00e5 det fag, du s\u00f8ger forl\u00f8b til.<\/p>\n","protected":false},"author":2,"featured_media":0,"parent":102,"menu_order":0,"comment_status":"closed","ping_status":"closed","template":"","meta":{"qubely_global_settings":"","qubely_interactions":"","_coblocks_attr":"","_coblocks_dimensions":"","_coblocks_responsive_height":"","_coblocks_accordion_ie_support":"","_uag_custom_page_level_css":"","footnotes":""},"class_list":["post-546","page","type-page","status-publish","hentry"],"featured_image_urls_v2":{"full":"","thumbnail":"","medium":"","medium_large":"","large":"","1536x1536":"","2048x2048":"","ab-block-post-grid-landscape":"","ab-block-post-grid-square":"","qubely_landscape":"","qubely_portrait":"","qubely_thumbnail":""},"post_excerpt_stackable_v2":"<p>Tryk p\u00e5 det fag, du s\u00f8ger forl\u00f8b til. Automatiktekniker Bekl\u00e6dningsh\u00e5ndv\u00e6rker Gastronom Gastronomi og ern\u00e6ringsassistent Industriel Produktion Kok Mad og service Maler Murer Skorstensfejer T\u00f8mrer<\/p>\n","category_list_v2":"","author_info_v2":{"name":"Mai Kl\u00e6rke","url":"https:\/\/www.projektbaeredygtighed.dk\/?author=2"},"comments_num_v2":"0 comments","featured_image_src":null,"featured_image_src_square":null,"uagb_featured_image_src":{"full":false,"thumbnail":false,"medium":false,"medium_large":false,"large":false,"1536x1536":false,"2048x2048":false,"ab-block-post-grid-landscape":false,"ab-block-post-grid-square":false,"qubely_landscape":false,"qubely_portrait":false,"qubely_thumbnail":false},"uagb_author_info":{"display_name":"Mai Kl\u00e6rke","author_link":"https:\/\/www.projektbaeredygtighed.dk\/?author=2"},"uagb_comment_info":0,"uagb_excerpt":"Tryk p\u00e5 det fag, du s\u00f8ger forl\u00f8b til.","_links":{"self":[{"href":"https:\/\/www.projektbaeredygtighed.dk\/index.php?rest_route=\/wp\/v2\/pages\/546","targetHints":{"allow":["GET"]}}],"collection":[{"href":"https:\/\/www.projektbaeredygtighed.dk\/index.php?rest_route=\/wp\/v2\/pages"}],"about":[{"href":"https:\/\/www.projektbaeredygtighed.dk\/index.php?rest_route=\/wp\/v2\/types\/page"}],"author":[{"embeddable":true,"href":"https:\/\/www.projektbaeredygtighed.dk\/index.php?rest_route=\/wp\/v2\/users\/2"}],"replies":[{"embeddable":true,"href":"https:\/\/www.projektbaeredygtighed.dk\/index.php?rest_route=%2Fwp%2Fv2%2Fcomments&post=546"}],"version-history":[{"count":5,"href":"https:\/\/www.projektbaeredygtighed.dk\/index.php?rest_route=\/wp\/v2\/pages\/546\/revisions"}],"predecessor-version":[{"id":1538,"href":"https:\/\/www.projektbaeredygtighed.dk\/index.php?rest_route=\/wp\/v2\/pages\/546\/revisions\/1538"}],"up":[{"embeddable":true,"href":"https:\/\/www.projektbaeredygtighed.dk\/index.php?rest_route=\/wp\/v2\/pages\/102"}],"wp:attachment":[{"href":"https:\/\/www.projektbaeredygtighed.dk\/index.php?rest_route=%2Fwp%2Fv2%2Fmedia&parent=546"}],"curies":[{"name":"wp","href":"https:\/\/api.w.org\/{rel}","templated":true}]}}