{"id":465,"date":"2020-09-22T20:34:57","date_gmt":"2020-09-22T18:34:57","guid":{"rendered":"https:\/\/www.projektbaeredygtighed.dk\/?page_id=465"},"modified":"2022-09-13T10:22:35","modified_gmt":"2022-09-13T08:22:35","slug":"forloeb-til-gymnasiet","status":"publish","type":"page","link":"https:\/\/www.projektbaeredygtighed.dk\/?page_id=465","title":{"rendered":"Forl\u00f8b til gymnasiale fag"},"content":{"rendered":"\n<p>Tryk p\u00e5 det fag, du s\u00f8ger forl\u00f8b til.<\/p>\n\n\n<ul class=\"wp-block-latest-posts__list is-grid columns-3 topicbox wp-block-latest-posts\"><li><a class=\"wp-block-latest-posts__post-title\" href=\"https:\/\/www.projektbaeredygtighed.dk\/?p=741\">Afs\u00e6tning<\/a><\/li>\n<li><a class=\"wp-block-latest-posts__post-title\" href=\"https:\/\/www.projektbaeredygtighed.dk\/?p=1019\">Andet tv\u00e6rfagligt<\/a><\/li>\n<li><a class=\"wp-block-latest-posts__post-title\" href=\"https:\/\/www.projektbaeredygtighed.dk\/?p=1392\">Biologi<\/a><\/li>\n<li><a class=\"wp-block-latest-posts__post-title\" href=\"https:\/\/www.projektbaeredygtighed.dk\/?p=1355\">Bioteknologi<\/a><\/li>\n<li><a class=\"wp-block-latest-posts__post-title\" href=\"https:\/\/www.projektbaeredygtighed.dk\/?p=692\">Dansk<\/a><\/li>\n<li><a class=\"wp-block-latest-posts__post-title\" href=\"https:\/\/www.projektbaeredygtighed.dk\/?p=979\">Engelsk<\/a><\/li>\n<li><a class=\"wp-block-latest-posts__post-title\" href=\"https:\/\/www.projektbaeredygtighed.dk\/?p=1261\">Filosofi<\/a><\/li>\n<li><a class=\"wp-block-latest-posts__post-title\" href=\"https:\/\/www.projektbaeredygtighed.dk\/?p=1092\">Fysik<\/a><\/li>\n<li><a class=\"wp-block-latest-posts__post-title\" href=\"https:\/\/www.projektbaeredygtighed.dk\/?p=1211\">Historie<\/a><\/li>\n<li><a class=\"wp-block-latest-posts__post-title\" href=\"https:\/\/www.projektbaeredygtighed.dk\/?p=974\">Id\u00e9historie<\/a><\/li>\n<li><a class=\"wp-block-latest-posts__post-title\" href=\"https:\/\/www.projektbaeredygtighed.dk\/?p=878\">Informatik<\/a><\/li>\n<li><a class=\"wp-block-latest-posts__post-title\" href=\"https:\/\/www.projektbaeredygtighed.dk\/?p=1048\">Innovation<\/a><\/li>\n<li><a class=\"wp-block-latest-posts__post-title\" href=\"https:\/\/www.projektbaeredygtighed.dk\/?p=1096\">International \u00d8konomi<\/a><\/li>\n<li><a class=\"wp-block-latest-posts__post-title\" href=\"https:\/\/www.projektbaeredygtighed.dk\/?p=1147\">Kemi<\/a><\/li>\n<li><a class=\"wp-block-latest-posts__post-title\" href=\"https:\/\/www.projektbaeredygtighed.dk\/?p=1033\">Kom\/It<\/a><\/li>\n<li><a class=\"wp-block-latest-posts__post-title\" href=\"https:\/\/www.projektbaeredygtighed.dk\/?p=1406\">Kulturforst\u00e5else<\/a><\/li>\n<li><a class=\"wp-block-latest-posts__post-title\" href=\"https:\/\/www.projektbaeredygtighed.dk\/?p=1125\">Matematik<\/a><\/li>\n<li><a class=\"wp-block-latest-posts__post-title\" href=\"https:\/\/www.projektbaeredygtighed.dk\/?p=887\">Mediefag<\/a><\/li>\n<li><a class=\"wp-block-latest-posts__post-title\" href=\"https:\/\/www.projektbaeredygtighed.dk\/?p=1139\">\u00d8konomisk Grundforl\u00f8b<\/a><\/li>\n<li><a class=\"wp-block-latest-posts__post-title\" href=\"https:\/\/www.projektbaeredygtighed.dk\/?p=1107\">Samfundsfag<\/a><\/li>\n<li><a class=\"wp-block-latest-posts__post-title\" href=\"https:\/\/www.projektbaeredygtighed.dk\/?p=1010\">SO p\u00e5 HHX<\/a><\/li>\n<li><a class=\"wp-block-latest-posts__post-title\" href=\"https:\/\/www.projektbaeredygtighed.dk\/?p=890\">SO p\u00e5 HTX<\/a><\/li>\n<li><a class=\"wp-block-latest-posts__post-title\" href=\"https:\/\/www.projektbaeredygtighed.dk\/?p=1365\">Spansk<\/a><\/li>\n<li><a class=\"wp-block-latest-posts__post-title\" href=\"https:\/\/www.projektbaeredygtighed.dk\/?p=898\">Teknikfag<\/a><\/li>\n<li><a class=\"wp-block-latest-posts__post-title\" href=\"https:\/\/www.projektbaeredygtighed.dk\/?p=1134\">Teknologi<\/a><\/li>\n<li><a class=\"wp-block-latest-posts__post-title\" href=\"https:\/\/www.projektbaeredygtighed.dk\/?p=1256\">Tysk<\/a><\/li>\n<li><a class=\"wp-block-latest-posts__post-title\" href=\"https:\/\/www.projektbaeredygtighed.dk\/?p=1463\">Virksomheds\u00f8konomi<\/a><\/li>\n<\/ul>\n\n\n<script>\nvar collections = window.document.getElementsByClassName(\"topicbox\");\nfor (let collection of collections) {\n    for (let element of collection.children) {\n        element.onclick = function(){\n            element.children[0].click();\n        }\n    }    \n}\n<\/script>\n","protected":false},"excerpt":{"rendered":"<p>Tryk p\u00e5 det fag, du s\u00f8ger forl\u00f8b til.<\/p>\n","protected":false},"author":2,"featured_media":0,"parent":102,"menu_order":0,"comment_status":"closed","ping_status":"closed","template":"","meta":{"qubely_global_settings":"","qubely_interactions":"","_coblocks_attr":"","_coblocks_dimensions":"","_coblocks_responsive_height":"","_coblocks_accordion_ie_support":"","_uag_custom_page_level_css":"","footnotes":""},"class_list":["post-465","page","type-page","status-publish","hentry"],"featured_image_urls_v2":{"full":"","thumbnail":"","medium":"","medium_large":"","large":"","1536x1536":"","2048x2048":"","ab-block-post-grid-landscape":"","ab-block-post-grid-square":"","qubely_landscape":"","qubely_portrait":"","qubely_thumbnail":""},"post_excerpt_stackable_v2":"<p>Tryk p\u00e5 det fag, du s\u00f8ger forl\u00f8b til. Afs\u00e6tning Andet tv\u00e6rfagligt Biologi Bioteknologi Dansk Engelsk Filosofi Fysik Historie Id\u00e9historie Informatik Innovation International \u00d8konomi Kemi Kom\/It Kulturforst\u00e5else Matematik Mediefag \u00d8konomisk Grundforl\u00f8b Samfundsfag SO p\u00e5 HHX SO p\u00e5 HTX Spansk Teknikfag Teknologi Tysk Virksomheds\u00f8konomi<\/p>\n","category_list_v2":"","author_info_v2":{"name":"Mai Kl\u00e6rke","url":"https:\/\/www.projektbaeredygtighed.dk\/?author=2"},"comments_num_v2":"0 comments","featured_image_src":null,"featured_image_src_square":null,"uagb_featured_image_src":{"full":false,"thumbnail":false,"medium":false,"medium_large":false,"large":false,"1536x1536":false,"2048x2048":false,"ab-block-post-grid-landscape":false,"ab-block-post-grid-square":false,"qubely_landscape":false,"qubely_portrait":false,"qubely_thumbnail":false},"uagb_author_info":{"display_name":"Mai Kl\u00e6rke","author_link":"https:\/\/www.projektbaeredygtighed.dk\/?author=2"},"uagb_comment_info":0,"uagb_excerpt":"Tryk p\u00e5 det fag, du s\u00f8ger forl\u00f8b til.","_links":{"self":[{"href":"https:\/\/www.projektbaeredygtighed.dk\/index.php?rest_route=\/wp\/v2\/pages\/465","targetHints":{"allow":["GET"]}}],"collection":[{"href":"https:\/\/www.projektbaeredygtighed.dk\/index.php?rest_route=\/wp\/v2\/pages"}],"about":[{"href":"https:\/\/www.projektbaeredygtighed.dk\/index.php?rest_route=\/wp\/v2\/types\/page"}],"author":[{"embeddable":true,"href":"https:\/\/www.projektbaeredygtighed.dk\/index.php?rest_route=\/wp\/v2\/users\/2"}],"replies":[{"embeddable":true,"href":"https:\/\/www.projektbaeredygtighed.dk\/index.php?rest_route=%2Fwp%2Fv2%2Fcomments&post=465"}],"version-history":[{"count":113,"href":"https:\/\/www.projektbaeredygtighed.dk\/index.php?rest_route=\/wp\/v2\/pages\/465\/revisions"}],"predecessor-version":[{"id":1560,"href":"https:\/\/www.projektbaeredygtighed.dk\/index.php?rest_route=\/wp\/v2\/pages\/465\/revisions\/1560"}],"up":[{"embeddable":true,"href":"https:\/\/www.projektbaeredygtighed.dk\/index.php?rest_route=\/wp\/v2\/pages\/102"}],"wp:attachment":[{"href":"https:\/\/www.projektbaeredygtighed.dk\/index.php?rest_route=%2Fwp%2Fv2%2Fmedia&parent=465"}],"curies":[{"name":"wp","href":"https:\/\/api.w.org\/{rel}","templated":true}]}}